{"id":2,"date":"2010-05-14T17:37:38","date_gmt":"2010-05-14T17:37:38","guid":{"rendered":"http:\/\/timcasparboehme.de\/?page_id=2"},"modified":"2010-05-16T10:59:45","modified_gmt":"2010-05-16T08:59:45","slug":"about","status":"publish","type":"page","link":"https:\/\/timcasparboehme.de\/?page_id=2","title":{"rendered":"\u00dcber mich"},"content":{"rendered":"<p>Tim Caspar Boehme studierte Philosophie in Hamburg, New York, Frankfurt und D\u00fcsseldorf. Im Jahr 2003 promovierte er zum Thema &#8220;Ethik und Genie\u00dfen. Kant und Lacan&#8221; (Wien 2005). Er lebt als freier Journalist und \u00dcbersetzer in Berlin und schreibt regelm\u00e4\u00dfig \u00fcber Musik, Philosophie und Umweltthemen u.a. f\u00fcr die taz, Groove, De:Bug, Spex und Polar.<\/p>\n","protected":false},"excerpt":{"rendered":"<p>Tim Caspar Boehme studierte Philosophie in Hamburg, New York, Frankfurt und D\u00fcsseldorf. Im Jahr 2003 promovierte er zum Thema &#8220;Ethik und Genie\u00dfen. Kant und Lacan&#8221; (Wien 2005). Er lebt als freier Journalist und \u00dcbersetzer in Berlin und schreibt regelm\u00e4\u00dfig \u00fcber Musik, Philosophie und Umweltthemen u.a. f\u00fcr die taz, Groove, De:Bug, Spex und Polar.<\/p>\n","protected":false},"author":1,"featured_media":0,"parent":0,"menu_order":0,"comment_status":"open","ping_status":"open","template":"","meta":{"footnotes":""},"class_list":["post-2","page","type-page","status-publish","hentry"],"_links":{"self":[{"href":"https:\/\/timcasparboehme.de\/index.php?rest_route=\/wp\/v2\/pages\/2","targetHints":{"allow":["GET"]}}],"collection":[{"href":"https:\/\/timcasparboehme.de\/index.php?rest_route=\/wp\/v2\/pages"}],"about":[{"href":"https:\/\/timcasparboehme.de\/index.php?rest_route=\/wp\/v2\/types\/page"}],"author":[{"embeddable":true,"href":"https:\/\/timcasparboehme.de\/index.php?rest_route=\/wp\/v2\/users\/1"}],"replies":[{"embeddable":true,"href":"https:\/\/timcasparboehme.de\/index.php?rest_route=%2Fwp%2Fv2%2Fcomments&post=2"}],"version-history":[{"count":11,"href":"https:\/\/timcasparboehme.de\/index.php?rest_route=\/wp\/v2\/pages\/2\/revisions"}],"predecessor-version":[{"id":76,"href":"https:\/\/timcasparboehme.de\/index.php?rest_route=\/wp\/v2\/pages\/2\/revisions\/76"}],"wp:attachment":[{"href":"https:\/\/timcasparboehme.de\/index.php?rest_route=%2Fwp%2Fv2%2Fmedia&parent=2"}],"curies":[{"name":"wp","href":"https:\/\/api.w.org\/{rel}","templated":true}]}}